{"id":3,"date":"2019-05-23T10:09:17","date_gmt":"2019-05-23T10:09:17","guid":{"rendered":"http:\/\/im-wd.de\/delling\/?page_id=3"},"modified":"2022-09-20T12:50:57","modified_gmt":"2022-09-20T12:50:57","slug":"datenschutz","status":"publish","type":"page","link":"https:\/\/gartenverband-freiberg.de\/index.php\/datenschutz\/","title":{"rendered":"Datenschutzerkl\u00e4rung"},"content":{"rendered":"\n<h1 class=\"wp-block-heading\"> 1. Allgemeine Hinweise<\/h1>\n\n\n\n<p>\n\tDie folgenden Hinweise geben einen einfachen \u00dcberblick dar\u00fcber, was mit\n Ihren personenbezogenen Daten passiert, wenn Sie unsere Website \nbesuchen. Personenbezogene Daten sind alle Daten, mit denen Sie \npers\u00f6nlich identifiziert werden k\u00f6nnen. Ausf\u00fchrliche Informationen zum \nThema Datenschutz entnehmen Sie unserer unter diesem Text aufgef\u00fchrten \nDatenschutzerkl\u00e4rung.<\/p>\n\n\n\n<h3 class=\"wp-block-heading\">\n\tDatenerfassung auf unserer Website<\/h3>\n\n\n\n<p>\n\t<strong>Wer ist verantwortlich f\u00fcr die Datenerfassung auf dieser Website?<\/strong><\/p>\n\n\n\n<p>\n\tDie Datenverarbeitung auf dieser Website erfolgt durch den \nWebsitebetreiber. Dessen Kontaktdaten k\u00f6nnen Sie dem Impressum dieser \nWebsite entnehmen.<\/p>\n\n\n\n<p>\n\t<strong>Wie erfassen wir Ihre Daten?<\/strong><\/p>\n\n\n\n<p>\n\tIhre Daten werden zum einen dadurch erhoben, dass Sie uns diese \nmitteilen. Hierbei kann es sich z.B. um Daten handeln, die Sie in ein \nKontaktformular eingeben.<\/p>\n\n\n\n<p>\n\tAndere Daten werden automatisch beim Besuch der Website durch unsere \nIT-Systeme erfasst. Das sind vor allem technische Daten (z.B. \nInternetbrowser, Betriebssystem oder Uhrzeit des Seitenaufrufs). Die \nErfassung dieser Daten erfolgt automatisch, sobald Sie unsere Website \nbetreten.<\/p>\n\n\n\n<p>\n\t<strong>Wof\u00fcr nutzen wir Ihre Daten?<\/strong><\/p>\n\n\n\n<p>\n\tEin Teil der Daten wird erhoben, um eine fehlerfreie Bereitstellung der\n Website zu gew\u00e4hrleisten. Andere Daten k\u00f6nnen zur Analyse Ihres \nNutzerverhaltens verwendet werden.<\/p>\n\n\n\n<p>\n\t<strong>Welche Rechte haben Sie bez\u00fcglich Ihrer Daten?<\/strong><\/p>\n\n\n\n<p>\n\tSiehaben jederzeit das Recht unentgeltlich Auskunft \u00fcber Herkunft, \nEmpf\u00e4nger und Zweck Ihrer gespeicherten personenbezogenen Daten zu \nerhalten. Sie haben au\u00dferdem ein Recht, die Berichtigung, Sperrung oder \nL\u00f6schung dieser Daten zu verlangen. Hierzu sowie zu weiteren Fragen zum \nThema Datenschutz k\u00f6nnen Sie sich jederzeit unter der im Impressum \nangegebenen Adresse an uns wenden. Des Weiteren steht Ihnen ein \nBeschwerderecht bei der zust\u00e4ndigen Aufsichtsbeh\u00f6rde zu.<\/p>\n\n\n\n<h3 class=\"wp-block-heading\">\n\tAnalyse-Tools und Tools von Drittanbietern<\/h3>\n\n\n\n<p>\n\tBeim Besuch unserer Website kann Ihr Surf-Verhalten statistisch \nausgewertet werden. Das geschieht vor allem mit Cookies und mit \nsogenannten Analyseprogrammen. Die Analyse Ihres Surf-Verhaltens erfolgt\n in der Regel anonym; das Surf-Verhalten kann nicht zu Ihnen \nzur\u00fcckverfolgt werden. Sie k\u00f6nnen dieser Analyse widersprechen oder sie \ndurch die Nichtbenutzung bestimmter Tools verhindern. Detaillierte \nInformationen dazu finden Sie in der folgenden Datenschutzerkl\u00e4rung.<\/p>\n\n\n\n<p>\n\tSie k\u00f6nnen dieser Analyse widersprechen. \u00dcber die \nWiderspruchsm\u00f6glichkeiten werden wir Sie in dieser Datenschutzerkl\u00e4rung \ninformieren.<\/p>\n\n\n\n<h2 class=\"wp-block-heading\">\n\t2. Allgemeine Hinweise und Pflichtinformationen<\/h2>\n\n\n\n<h3 class=\"wp-block-heading\">\n\tDatenschutz<\/h3>\n\n\n\n<p>\n\tDie Betreiber dieser Seiten nehmen den Schutz Ihrer pers\u00f6nlichen Daten \nsehr ernst. Wir behandeln Ihre personenbezogenen Daten vertraulich und \nentsprechend der gesetzlichen Datenschutzvorschriften sowie dieser \nDatenschutzerkl\u00e4rung.<\/p>\n\n\n\n<p>\n\tWenn Sie diese Website benutzen, werden verschiedene personenbezogene \nDaten erhoben. Personenbezogene Daten sind Daten, mit denen Sie \npers\u00f6nlich identifiziert werden k\u00f6nnen. Die vorliegende \nDatenschutzerkl\u00e4rung erl\u00e4utert, welche Daten wir erheben und wof\u00fcr wir \nsie nutzen. Sie erl\u00e4utert auch, wie und zu welchem Zweck das geschieht.<\/p>\n\n\n\n<p>\n\tWir weisen darauf hin, dass die Daten\u00fcbertragung im Internet (z.B. bei \nder Kommunikation per E-Mail) Sicherheitsl\u00fccken aufweisen kann. Ein \nl\u00fcckenloser Schutz der Daten vor dem Zugriff durch Dritte ist nicht \nm\u00f6glich.<\/p>\n\n\n\n<h3 class=\"wp-block-heading\">\n\tHinweis zur verantwortlichen Stelle<\/h3>\n\n\n\n<p>\n\tDie verantwortliche Stelle f\u00fcr die Datenverarbeitung auf dieser Website ist:<\/p>\n\n\n\n<p>\n\tRegionalverband der Gartenfreund Freiberg e. V.<br>\n\tPetriplatz 4<br>\n\t09599 Freiberg<\/p>\n\n\n\n<p>\n\tTelefon&nbsp; 03731\/23037<\/p>\n\n\n\n<p>\n\tE-Mail: \n <a href=\"mailto:info@gartenverband-freiberg.de\">info@gartenverband-freiberg.de<\/a><br>\n\tInternet: www.gartenverband-freiberg.de<\/p>\n\n\n\n<p> Ansprechpartner:<br> Bianka Gothe (Vorsitzende)<\/p>\n\n\n\n<p>\n\tTelefon&nbsp; 03731\/23037<\/p>\n\n\n\n<p>\n\tE-Mail: \n <a href=\"mailto:info@gartenverband-freiberg.de\">info@gartenverband-freiberg.de<\/a><\/p>\n\n\n\n<p>\n\tVerantwortliche Stelle ist die nat\u00fcrliche oder juristische Person, die \nallein oder gemeinsam mit anderen \u00fcber die Zwecke und Mittel der \nVerarbeitung von personenbezogenen Daten (z.B. Namen, E-Mail-Adressen o.\n \u00c4.) entscheidet.<\/p>\n\n\n\n<h3 class=\"wp-block-heading\">\n\tWiderruf Ihrer Einwilligung zur Datenverarbeitung<\/h3>\n\n\n\n<p>\n\tViele Datenverarbeitungsvorg\u00e4nge sind nur mit Ihrer ausdr\u00fccklichen \nEinwilligung m\u00f6glich. Sie k\u00f6nnen eine bereits erteilte Einwilligung \njederzeit widerrufen. Dazu reicht eine formlose Mitteilung per E-Mail an\n uns. Die Rechtm\u00e4\u00dfigkeit der bis zum Widerruf erfolgten \nDatenverarbeitung bleibt vom Widerruf unber\u00fchrt.<\/p>\n\n\n\n<h3 class=\"wp-block-heading\">\n\tBeschwerderecht bei der zust\u00e4ndigen Aufsichtsbeh\u00f6rde<\/h3>\n\n\n\n<p>\n\tIm Falle datenschutzrechtlicher Verst\u00f6\u00dfe steht dem Betroffenen ein \nBeschwerderecht bei der zust\u00e4ndigen Aufsichtsbeh\u00f6rde zu. Zust\u00e4ndige \nAufsichtsbeh\u00f6rde in datenschutzrechtlichen Fragen ist der \nLandesdatenschutzbeauftragte des Bundeslandes, in dem unser Unternehmen \nseinen Sitz hat. Eine Liste der Datenschutzbeauftragten sowie deren \nKontaktdaten k\u00f6nnen folgendem Link entnommen werden: <a href=\"https:\/\/www.bfdi.bund.de\/DE\/Infothek\/Anschriften_Links\/anschriften_links-node.html\" target=\"_blank\" rel=\"noreferrer noopener\">https:\/\/www.bfdi.bund.de\/DE\/Infothek\/Anschriften_Links\/anschriften_linksnode.html<\/a>.<\/p>\n\n\n\n<h3 class=\"wp-block-heading\">\n\tRecht auf Daten\u00fcbertragbarkeit<\/h3>\n\n\n\n<p>\n\tSie haben das Recht, Daten, die wir auf Grundlage Ihrer Einwilligung \noder in Erf\u00fcllung eines Vertrags automatisiert verarbeiten, an sich oder\n an einen Dritten in einem g\u00e4ngigen, maschinenlesbaren Format \naush\u00e4ndigen zu lassen. Sofern Sie die direkte \u00dcbertragung der Daten an \neinen anderen Verantwortlichen verlangen, erfolgt dies nur, soweit es \ntechnisch machbar ist.<\/p>\n\n\n\n<h3 class=\"wp-block-heading\">\n\tAuskunft, Sperrung, L\u00f6schung<\/h3>\n\n\n\n<p>\n\tSie haben im Rahmen der geltenden gesetzlichen Bestimmungen jederzeit \ndas Recht auf unentgeltliche Auskunft \u00fcber Ihre gespeicherten \npersonenbezogenen Daten, deren Herkunft und Empf\u00e4nger und den Zweck der \nDatenverarbeitung und ggf. ein Recht auf Berichtigung, Sperrung oder \nL\u00f6schung dieser Daten. Hierzu sowie zu weiteren Fragen zum Thema \npersonenbezogene Daten k\u00f6nnen Sie sich jederzeit unter der im Impressum \nangegebenen Adresse an uns wenden.<\/p>\n\n\n\n<h3 class=\"wp-block-heading\">\n\tWiderspruch gegen Werbe-Mails<\/h3>\n\n\n\n<p>\n\tDer Nutzung von im Rahmen der Impressumspflicht ver\u00f6ffentlichten \nKontaktdaten zur \u00dcbersendung von nicht ausdr\u00fccklich angeforderter \nWerbung und Informationsmaterialien wird hiermit widersprochen. Die \nBetreiber der Seiten behalten sich ausdr\u00fccklich rechtliche Schritte im \nFalle der unverlangten Zusendung von Werbeinformationen, etwa durch \nSpam-E-Mails, vor.<\/p>\n\n\n\n<h2 class=\"wp-block-heading\">\n\t3. Datenerfassung auf unserer Website<\/h2>\n\n\n\n<h3 class=\"wp-block-heading\">\n\tCookies<\/h3>\n\n\n\n<p> Die Internetseiten verwenden teilweise so genannte <a href=\"https:\/\/gartenverband-freiberg.de\/index.php\/cookie-richtlinie-eu\/\" data-type=\"URL\" target=\"_blank\" rel=\"noreferrer noopener\">Cookies<\/a>. Cookies  richten auf Ihrem Rechner keinen Schaden an und enthalten keine Viren.  Cookies dienen dazu, unser Angebot nutzerfreundlicher, effektiver und  sicherer zu machen. Cookies sind kleine Textdateien, die auf Ihrem  Rechner abgelegt werden und die Ihr Browser speichert.<\/p>\n\n\n\n<p>\n\tDie meisten der von uns verwendeten Cookies sind so genannte \n\u201cSession-Cookies\u201d. Sie werden nach Ende Ihres Besuchs automatisch \ngel\u00f6scht. Andere Cookies bleiben auf Ihrem Endger\u00e4t gespeichert bis Sie \ndiese l\u00f6schen. Diese Cookies erm\u00f6glichen es uns, Ihren Browser beim \nn\u00e4chsten Besuch wiederzuerkennen.<\/p>\n\n\n\n<p>\n\tSie k\u00f6nnen Ihren Browser so einstellen, dass Sie \u00fcber das Setzen von \nCookies informiert werden und Cookies nur im Einzelfall erlauben, die \nAnnahme von Cookies f\u00fcr bestimmte F\u00e4lle oder generell ausschlie\u00dfen sowie\n das automatische L\u00f6schen der Cookies beim Schlie\u00dfen des Browser \naktivieren. Bei der Deaktivierung von Cookies kann die Funktionalit\u00e4t \ndieser Website eingeschr\u00e4nkt sein.<\/p>\n\n\n\n<p>\n\tCookies, die zur Durchf\u00fchrung des elektronischen Kommunikationsvorgangs\n oder zur Bereitstellung bestimmter, von Ihnen erw\u00fcnschter Funktionen \n(z.B. Warenkorbfunktion) erforderlich sind, werden auf Grundlage von \nArt. 6 Abs. 1 lit. f DSGVO gespeichert. Der Websitebetreiber hat ein \nberechtigtes Interesse an der Speicherung von Cookies zur technisch \nfehlerfreien und optimierten Bereitstellung seiner Dienste. Soweit \nandere Cookies (z.B. Cookies zur Analyse Ihres Surfverhaltens) \ngespeichert werden, werden diese in dieser Datenschutzerkl\u00e4rung \ngesondert behandelt.<\/p>\n\n\n\n<h3 class=\"wp-block-heading\">\n\tServer-Log-Dateien<\/h3>\n\n\n\n<p>\n\tDer Provider der Seiten erhebt und speichert automatisch Informationen \nin so genannten Server-Log-Dateien, die Ihr Browser automatisch an uns \n\u00fcbermittelt. Dies sind:<\/p>\n\n\n\n<ul class=\"wp-block-list\"><li>\n\t\tBrowsertyp und Browserversion<\/li><li>\n\t\tverwendetes Betriebssystem<\/li><li>\n\t\tReferrer URL<\/li><li>\n\t\tHostname des zugreifenden Rechners<\/li><li>\n\t\tUhrzeit der Serveranfrage<\/li><li>\n\t\tIP-Adresse<\/li><\/ul>\n\n\n\n<p>\n\tEine Zusammenf\u00fchrung dieser Daten mit anderen Datenquellen wird nicht vorgenommen.<\/p>\n\n\n\n<p>\n\tGrundlage f\u00fcr die Datenverarbeitung ist Art. 6 Abs. 1 lit. b DSGVO, der\n die Verarbeitung von Daten zur Erf\u00fcllung eines Vertrags oder \nvorvertraglicher Ma\u00dfnahmen gestattet.<\/p>\n\n\n\n<h3 class=\"wp-block-heading\">\n\tKontaktformular<\/h3>\n\n\n\n<p>\n\tWenn Sie uns per Kontaktformular Anfragen zukommen lassen, werden Ihre \nAngaben aus dem Anfrageformular inklusive der von Ihnen dort angegebenen\n Kontaktdaten zwecks Bearbeitung der Anfrage und f\u00fcr den Fall von \nAnschlussfragen bei uns gespeichert. Diese Daten geben wir nicht ohne \nIhre Einwilligung weiter.<\/p>\n\n\n\n<p>\n\tDie Verarbeitung der in das Kontaktformular eingegebenen Daten erfolgt \nsomit ausschlie\u00dflich auf Grundlage Ihrer Einwilligung (Art. 6 Abs. 1 \nlit. a DSGVO). Sie k\u00f6nnen diese Einwilligung jederzeit widerrufen. Dazu \nreicht eine formlose Mitteilung per E-Mail an uns. Die Rechtm\u00e4\u00dfigkeit \nder bis zum Widerruf erfolgten Datenverarbeitungsvorg\u00e4nge bleibt vom \nWiderruf unber\u00fchrt.<\/p>\n\n\n\n<p>\n\tDie von Ihnen im Kontaktformular eingegebenen Daten verbleiben bei uns,\n bis Sie uns zur L\u00f6schung auffordern, Ihre Einwilligung zur Speicherung \nwiderrufen oder der Zweck f\u00fcr die Datenspeicherung entf\u00e4llt (z.B. nach \nabgeschlossener Bearbeitung Ihrer Anfrage). Zwingende gesetzliche \nBestimmungen \u2013 insbesondere Aufbewahrungsfristen \u2013 bleiben unber\u00fchrt.<\/p>\n\n\n\n<h3 class=\"wp-block-heading\">\n\tVerarbeiten von Daten (Kunden- und Vertragsdaten)<\/h3>\n\n\n\n<p>\n\tWir erheben, verarbeiten und nutzen personenbezogene Daten nur, soweit \nsie f\u00fcr die Begr\u00fcndung, inhaltliche Ausgestaltung oder \u00c4nderung des \nRechtsverh\u00e4ltnisses erforderlich sind (Bestandsdaten). Dies erfolgt auf \nGrundlage von Art. 6 Abs. 1 lit. b DSGVO, der die Verarbeitung von Daten\n zur Erf\u00fcllung eines Vertrags oder vorvertraglicher Ma\u00dfnahmen gestattet.\n Personenbezogene Daten \u00fcber die Inanspruchnahme unserer Internetseiten \n(Nutzungsdaten) erheben, verarbeiten und nutzen wir nur, soweit dies \nerforderlich ist, um dem Nutzer die Inanspruchnahme des Dienstes zu \nerm\u00f6glichen oder abzurechnen.<\/p>\n\n\n\n<p> Die erhobenen Kundendaten werden nach Abschluss des Auftrags oder  Beendigung der Gesch\u00e4ftsbeziehung gel\u00f6scht. Gesetzliche  Aufbewahrungsfristen bleiben unber\u00fchrt.<\/p>\n","protected":false},"excerpt":{"rendered":"<p>1. Allgemeine Hinweise Die folgenden Hinweise geben einen einfachen \u00dcberblick dar\u00fcber, was mit Ihren personenbezogenen Daten passiert, wenn Sie unsere Website besuchen. Personenbezogene Daten sind alle Daten, mit denen Sie pers\u00f6nlich identifiziert werden k\u00f6nnen. Ausf\u00fchrliche Informationen zum Thema Datenschutz entnehmen Sie unserer unter diesem Text aufgef\u00fchrten Datenschutzerkl\u00e4rung. Datenerfassung auf unserer Website Wer ist verantwortlich f\u00fcr [&hellip;]<\/p>\n","protected":false},"author":1,"featured_media":0,"parent":0,"menu_order":0,"comment_status":"closed","ping_status":"open","template":"","meta":{"footnotes":""},"class_list":["post-3","page","type-page","status-publish","hentry"],"_links":{"self":[{"href":"https:\/\/gartenverband-freiberg.de\/index.php\/wp-json\/wp\/v2\/pages\/3","targetHints":{"allow":["GET"]}}],"collection":[{"href":"https:\/\/gartenverband-freiberg.de\/index.php\/wp-json\/wp\/v2\/pages"}],"about":[{"href":"https:\/\/gartenverband-freiberg.de\/index.php\/wp-json\/wp\/v2\/types\/page"}],"author":[{"embeddable":true,"href":"https:\/\/gartenverband-freiberg.de\/index.php\/wp-json\/wp\/v2\/users\/1"}],"replies":[{"embeddable":true,"href":"https:\/\/gartenverband-freiberg.de\/index.php\/wp-json\/wp\/v2\/comments?post=3"}],"version-history":[{"count":11,"href":"https:\/\/gartenverband-freiberg.de\/index.php\/wp-json\/wp\/v2\/pages\/3\/revisions"}],"predecessor-version":[{"id":8013,"href":"https:\/\/gartenverband-freiberg.de\/index.php\/wp-json\/wp\/v2\/pages\/3\/revisions\/8013"}],"wp:attachment":[{"href":"https:\/\/gartenverband-freiberg.de\/index.php\/wp-json\/wp\/v2\/media?parent=3"}],"curies":[{"name":"wp","href":"https:\/\/api.w.org\/{rel}","templated":true}]}}