{"id":302,"date":"2020-01-09T14:21:54","date_gmt":"2020-01-09T14:21:54","guid":{"rendered":"http:\/\/im-wd.de\/garten\/?page_id=302"},"modified":"2025-10-10T07:59:34","modified_gmt":"2025-10-10T07:59:34","slug":"veranstaltungsraeume","status":"publish","type":"page","link":"https:\/\/gartenverband-freiberg.de\/index.php\/veranstaltungsraeume\/","title":{"rendered":"Veranstaltungsr\u00e4ume"},"content":{"rendered":"<div class=\"item-page\">\n<div class=\"art-box art-post\">\n<div class=\"art-box-body art-post-body\">\n<div class=\"art-post-inner\">\n<h2 class=\"art-postheader\">R\u00e4umlichkeiten f\u00fcr Versammlungen, Schulungen und Feierlichkeiten<\/h2>\n<div class=\"art-postcontent\">\n<div class=\"art-article\">\n<p>&#8211;\u00a0 \u00a0<strong><span style=\"color: #339966\"><a style=\"color: #339966\" href=\"http:\/\/gartenverband-freiberg.de\/wp-content\/uploads\/2020\/02\/flyer_rosenheim.pdf\" target=\"_blank\" rel=\"noopener noreferrer\">KGV &#8222;Am Fl\u00f6hastrand&#8220; e.V. Fl\u00f6ha &#8211; Vereinsgastst\u00e4tte &#8222;Rosenheim&#8220;<\/a><\/span><\/strong><\/p>\n<p>&#8211;\u00a0 \u00a0<strong><span style=\"color: #339966\"><a style=\"color: #339966\" href=\"https:\/\/gartenverband-freiberg.de\/wp-content\/uploads\/2025\/10\/Vereinsheim_Kuemmelhuette_Freies_Land.pdf\">KGV &#8222;Freies Land&#8220; e.V. &#8211; Vereinsheim &#8222;K\u00fcmmelh\u00fctte&#8220;<\/a><\/span><\/strong><\/p>\n<\/div>\n<\/div>\n<div class=\"cleared\"><\/div>\n<\/div>\n<div class=\"cleared\"><\/div>\n<\/div>\n<\/div>\n<\/div>\n<div class=\"cleared\"><\/div>\n","protected":false},"excerpt":{"rendered":"<p>R\u00e4umlichkeiten f\u00fcr Versammlungen, Schulungen und Feierlichkeiten &#8211;\u00a0 \u00a0KGV &#8222;Am Fl\u00f6hastrand&#8220; e.V. Fl\u00f6ha &#8211; Vereinsgastst\u00e4tte &#8222;Rosenheim&#8220; &#8211;\u00a0 \u00a0KGV &#8222;Freies Land&#8220; e.V. &#8211; Vereinsheim &#8222;K\u00fcmmelh\u00fctte&#8220;<\/p>\n","protected":false},"author":1,"featured_media":489,"parent":0,"menu_order":0,"comment_status":"closed","ping_status":"closed","template":"","meta":{"footnotes":""},"class_list":["post-302","page","type-page","status-publish","has-post-thumbnail","hentry"],"_links":{"self":[{"href":"https:\/\/gartenverband-freiberg.de\/index.php\/wp-json\/wp\/v2\/pages\/302","targetHints":{"allow":["GET"]}}],"collection":[{"href":"https:\/\/gartenverband-freiberg.de\/index.php\/wp-json\/wp\/v2\/pages"}],"about":[{"href":"https:\/\/gartenverband-freiberg.de\/index.php\/wp-json\/wp\/v2\/types\/page"}],"author":[{"embeddable":true,"href":"https:\/\/gartenverband-freiberg.de\/index.php\/wp-json\/wp\/v2\/users\/1"}],"replies":[{"embeddable":true,"href":"https:\/\/gartenverband-freiberg.de\/index.php\/wp-json\/wp\/v2\/comments?post=302"}],"version-history":[{"count":8,"href":"https:\/\/gartenverband-freiberg.de\/index.php\/wp-json\/wp\/v2\/pages\/302\/revisions"}],"predecessor-version":[{"id":9576,"href":"https:\/\/gartenverband-freiberg.de\/index.php\/wp-json\/wp\/v2\/pages\/302\/revisions\/9576"}],"wp:featuredmedia":[{"embeddable":true,"href":"https:\/\/gartenverband-freiberg.de\/index.php\/wp-json\/wp\/v2\/media\/489"}],"wp:attachment":[{"href":"https:\/\/gartenverband-freiberg.de\/index.php\/wp-json\/wp\/v2\/media?parent=302"}],"curies":[{"name":"wp","href":"https:\/\/api.w.org\/{rel}","templated":true}]}}