{"id":77,"date":"2019-11-29T08:09:32","date_gmt":"2019-11-29T08:09:32","guid":{"rendered":"http:\/\/im-wd.de\/garten\/index.php\/home\/"},"modified":"2026-02-16T08:39:00","modified_gmt":"2026-02-16T08:39:00","slug":"home","status":"publish","type":"page","link":"https:\/\/gartenverband-freiberg.de\/","title":{"rendered":"Verband"},"content":{"rendered":"\n<h2 class=\"wp-block-heading\">Wir \u00fcber uns &#8211; Der Regionalverband der Gartenfreunde Freiberg e.V. stellt sich vor!<\/h2>\n\n\n\n<p>Der Regionalverband der Gartenfreunde Freiberg e. V. ist eine  gemeinn\u00fctzige Organisation des Kleingartenwesens im Landkreis  Mittelsachsen. Ihm geh\u00f6ren 116  Kleing\u00e4rtnervereine mit insgesamt  5325 Parzellen und ca. 4700 Mitgliedern an. Die Kleingartenanlagen befinden sich von Rechenberg-Bienenm\u00fchle (im S\u00fcden des Landkreises) bis Siebenlehn an  der A4 (im Norden) und von Naundorf&nbsp;(im Osten) bis Niederwiesa (vor den Toren  von Chemnitz).<\/p>\n\n\n\n<p>\n\tDer Verband wurde am 21. Juli 1990 wiedergegr\u00fcndet und ist unter der \nNr. 10182 in das Vereinsregister beim Amtsgericht Chemnitz eingetragen.<\/p>\n\n\n\n<p> I. Die Kleing\u00e4rtner bewirtschaften ca. 180 ha Gartenland auf der  Grundlage des Bundeskleingartengesetzes. Daf\u00fcr schafft der Verband die  vertragsrechtlichen Rahmenbedingungen und organisiert die fachliche  Ausbildung f\u00fcr die 81 Gartenfachberater sowie 40 Wertermittler.<\/p>\n\n\n\n<p>\n\tDazu werden jedes Jahr Fachvortr\u00e4ge, Seminare und Exkursionen angeboten.<\/p>\n\n\n\n<p>\n\tII. Im Einzelnen umfasst unser Leistungsspektrum&nbsp; folgende Schwerpunkte:<\/p>\n\n\n\n<ul class=\"wp-block-list\">\n<li> Sicherung der Existenz und Entwicklung der Kleingartenanlagen&nbsp; auf der Grundlage des Bundeskleingartengesetzes; <\/li>\n\n\n\n<li> Abschluss von Zwischenpachtvertr\u00e4gen mit derzeit 93 Grundst\u00fcckseigent\u00fcmern. <\/li>\n\n\n\n<li> Unterst\u00fctzung bei der Verwaltung der Gartenanlagen und der Organisation des Vereinslebens. <\/li>\n\n\n\n<li> Vermittlung von Rechtsberatungen f\u00fcr die Vereinsvorst\u00e4nde mit  Rechtsanw\u00e4lten, die im Kleingartenrecht und peripheren Rechtsgebieten  Kompetenz aufweisen. <\/li>\n\n\n\n<li> Vertretung der Anliegen des organisierten Kleingartenwesens gegen\u00fcber  der \u00d6ffentlichkeit, den Parlamenten und Beh\u00f6rden des Landkreises, der  St\u00e4dte und Gemeinden. Darin ist die aktive Zusammenarbeit mit den  zust\u00e4ndigen Beh\u00f6rden bei der Sicherung&nbsp; der kleing\u00e4rtnerischen  Gemeinn\u00fctzigkeit f\u00fcr die Kleingartenvereine eingeschlossen. <\/li>\n\n\n\n<li> Einflussnahme auf die Einordnung der Gartenanlagen in die Fl\u00e4chennutzungs- bzw. Bebauungspl\u00e4ne der St\u00e4dte und Gemeinden <\/li>\n\n\n\n<li> Entlastung der ehrenamtlich arbeitenden Vereinsvorst\u00e4nde durch Angebote an Dienstleistungen verschiedenster Art &nbsp; <\/li>\n\n\n\n<li> Der Verband und die Mitgliedsvereine beteiligen sich aktiv am  gesellschaftlichen Leben und leisten einen&nbsp; erheblichen Beitrag f\u00fcr den  Erhalt und die Pflege der Anlagen als gr\u00fcne Lungen in den Kommunen. Dazu  geh\u00f6ren auch die 18 Vereinsheime in den Kleingartenanlagen, die \u201egr\u00fcnen  Sch\u00e4nken\u201c, die zu Spa\u00df und Geselligkeit einladen. &nbsp; <\/li>\n<\/ul>\n\n\n\n<h4 class=\"wp-block-heading\"><\/h4>\n\n\n\n<p><\/p>\n\n\n\n<p class=\"has-text-align-center has-large-font-size\"><\/p>\n","protected":false},"excerpt":{"rendered":"<p>Wir \u00fcber uns &#8211; Der Regionalverband der Gartenfreunde Freiberg e.V. stellt sich vor! Der Regionalverband der Gartenfreunde Freiberg e. V. ist eine gemeinn\u00fctzige Organisation des Kleingartenwesens im Landkreis Mittelsachsen. Ihm geh\u00f6ren 116 Kleing\u00e4rtnervereine mit insgesamt 5325 Parzellen und ca. 4700 Mitgliedern an. Die Kleingartenanlagen befinden sich von Rechenberg-Bienenm\u00fchle (im S\u00fcden des Landkreises) bis Siebenlehn an [&hellip;]<\/p>\n","protected":false},"author":1,"featured_media":0,"parent":0,"menu_order":0,"comment_status":"closed","ping_status":"closed","template":"","meta":{"footnotes":""},"class_list":["post-77","page","type-page","status-publish","hentry"],"_links":{"self":[{"href":"https:\/\/gartenverband-freiberg.de\/index.php\/wp-json\/wp\/v2\/pages\/77","targetHints":{"allow":["GET"]}}],"collection":[{"href":"https:\/\/gartenverband-freiberg.de\/index.php\/wp-json\/wp\/v2\/pages"}],"about":[{"href":"https:\/\/gartenverband-freiberg.de\/index.php\/wp-json\/wp\/v2\/types\/page"}],"author":[{"embeddable":true,"href":"https:\/\/gartenverband-freiberg.de\/index.php\/wp-json\/wp\/v2\/users\/1"}],"replies":[{"embeddable":true,"href":"https:\/\/gartenverband-freiberg.de\/index.php\/wp-json\/wp\/v2\/comments?post=77"}],"version-history":[{"count":20,"href":"https:\/\/gartenverband-freiberg.de\/index.php\/wp-json\/wp\/v2\/pages\/77\/revisions"}],"predecessor-version":[{"id":9792,"href":"https:\/\/gartenverband-freiberg.de\/index.php\/wp-json\/wp\/v2\/pages\/77\/revisions\/9792"}],"wp:attachment":[{"href":"https:\/\/gartenverband-freiberg.de\/index.php\/wp-json\/wp\/v2\/media?parent=77"}],"curies":[{"name":"wp","href":"https:\/\/api.w.org\/{rel}","templated":true}]}}