{"id":575,"date":"2020-01-21T15:10:23","date_gmt":"2020-01-21T15:10:23","guid":{"rendered":"http:\/\/dev.gartenverband-freiberg.de\/?post_type=product&#038;p=575"},"modified":"2021-08-02T11:44:52","modified_gmt":"2021-08-02T11:44:52","slug":"kgv-am-zellwald-e-v-garten-nr-72","status":"publish","type":"product","link":"https:\/\/gartenverband-freiberg.de\/index.php\/produkt\/kgv-am-zellwald-e-v-garten-nr-72\/","title":{"rendered":"KGV &#8222;Am Zellwald&#8220; e.V. Siebenlehn, verschiedene Parzellen"},"content":{"rendered":"<div class=\"cofiEntryContentText\">\n<div class=\"cofiEntryContentText1\">\n<p>Alle Parzellen verf\u00fcgen \u00fcber je einen Wasser- und Stromanschluss und k\u00f6nnen im Rahmen der gesetzlichen Regelungen neu gestaltet werden.<\/p>\n<p>Preis nach Vereinbarung<br \/>\nmit Laube, Stromanschluss, Wasser<\/p>\n<\/div>\n<div><\/div>\n<\/div>\n<div class=\"cofiEntryContentContact\">\n<h3>Kontakt Daten<\/h3>\n<table class=\"noborder\">\n<tbody>\n<tr>\n<td class=\"noborder\" colspan=\"2\"><\/td>\n<\/tr>\n<tr>\n<td class=\"noborder\" colspan=\"2\">Forsthofstra\u00dfe<\/td>\n<\/tr>\n<tr>\n<td class=\"noborder\" colspan=\"2\">09603 Gro\u00dfschirma \/ OT Siebenlehn<\/td>\n<\/tr>\n<tr>\n<td class=\"noborder\" colspan=\"2\">Email: silkchen09111979@gmail.com<\/td>\n<\/tr>\n<tr>\n<td class=\"noborder\" colspan=\"2\">Handy: 0173 3762785<\/td>\n<\/tr>\n<\/tbody>\n<\/table>\n<\/div>\n","protected":false},"excerpt":{"rendered":"<p>Alle Parzellen verf\u00fcgen \u00fcber je einen Wasser- und Stromanschluss und k\u00f6nnen im Rahmen der gesetzlichen Regelungen neu gestaltet werden. Preis nach Vereinbarung mit Laube, Stromanschluss, Wasser Kontakt Daten Forsthofstra\u00dfe 09603 Gro\u00dfschirma \/ OT Siebenlehn Email: silkchen09111979@gmail.com Handy: 0173 3762785<\/p>\n","protected":false},"featured_media":7733,"template":"","meta":[],"product_brand":[],"product_cat":[33],"product_tag":[],"class_list":{"0":"post-575","1":"product","2":"type-product","3":"status-publish","4":"has-post-thumbnail","6":"product_cat-09603-grossschirma-siebenlehn-seifersdorf-obergruna-kleinvoigtsberg-rothenfurth","8":"first","9":"instock","10":"shipping-taxable","11":"product-type-simple"},"_links":{"self":[{"href":"https:\/\/gartenverband-freiberg.de\/index.php\/wp-json\/wp\/v2\/product\/575","targetHints":{"allow":["GET"]}}],"collection":[{"href":"https:\/\/gartenverband-freiberg.de\/index.php\/wp-json\/wp\/v2\/product"}],"about":[{"href":"https:\/\/gartenverband-freiberg.de\/index.php\/wp-json\/wp\/v2\/types\/product"}],"wp:featuredmedia":[{"embeddable":true,"href":"https:\/\/gartenverband-freiberg.de\/index.php\/wp-json\/wp\/v2\/media\/7733"}],"wp:attachment":[{"href":"https:\/\/gartenverband-freiberg.de\/index.php\/wp-json\/wp\/v2\/media?parent=575"}],"wp:term":[{"taxonomy":"product_brand","embeddable":true,"href":"https:\/\/gartenverband-freiberg.de\/index.php\/wp-json\/wp\/v2\/product_brand?post=575"},{"taxonomy":"product_cat","embeddable":true,"href":"https:\/\/gartenverband-freiberg.de\/index.php\/wp-json\/wp\/v2\/product_cat?post=575"},{"taxonomy":"product_tag","embeddable":true,"href":"https:\/\/gartenverband-freiberg.de\/index.php\/wp-json\/wp\/v2\/product_tag?post=575"}],"curies":[{"name":"wp","href":"https:\/\/api.w.org\/{rel}","templated":true}]}}