{"id":715,"date":"2020-01-22T11:44:46","date_gmt":"2020-01-22T11:44:46","guid":{"rendered":"http:\/\/dev.gartenverband-freiberg.de\/?post_type=product&#038;p=715"},"modified":"2022-04-29T18:37:06","modified_gmt":"2022-04-29T18:37:06","slug":"garten-nr-89-kleingartensparte-lichtenwalde-e-v","status":"publish","type":"product","link":"https:\/\/gartenverband-freiberg.de\/index.php\/produkt\/garten-nr-89-kleingartensparte-lichtenwalde-e-v\/","title":{"rendered":"\u201eKleingartensparte Lichtenwalde\u201c e.V., verschiedene Parzellen"},"content":{"rendered":"<div class=\"cofiEntryContentText\">\n<div class=\"cofiEntryContentText1\">Der KGV \u201eKleingartensparte Lichtenwalde\u201c e.V. besteht aus mehreren Teilanlagen.<\/div>\n<div>Die Parzellen haben unterschiedliche Gr\u00f6\u00dfen und verf\u00fcgen \u00fcber Strom- und Wasseranschl\u00fcsse sowie Lauben.<\/div>\n<div>Alle Parzellen k\u00f6nnen im Rahmen der gesetzlichen Regelungen neu gestaltet werden.<\/div>\n<div><\/div>\n<\/div>\n<div class=\"cofiEntryContentContact\">\n<h3>Weitere Informationen unter:<\/h3>\n<table class=\"noborder\">\n<tbody>\n<tr>\n<td class=\"noborder\" colspan=\"2\"><a href=\"https:\/\/kgv.lichtenwalde.info\/\" target=\"_blank\" rel=\"noreferrer noopener\" data-rich-text-format-boundary=\"true\">zur Homepage<\/a><\/td>\n<\/tr>\n<tr>\n<td class=\"noborder\" colspan=\"2\"><\/td>\n<\/tr>\n<tr>\n<td class=\"noborder\" colspan=\"2\"><\/td>\n<\/tr>\n<\/tbody>\n<\/table>\n<\/div>\n","protected":false},"excerpt":{"rendered":"<p>Der KGV \u201eKleingartensparte Lichtenwalde\u201c e.V. besteht aus mehreren Teilanlagen. Die Parzellen haben unterschiedliche Gr\u00f6\u00dfen und verf\u00fcgen \u00fcber Strom- und Wasseranschl\u00fcsse sowie Lauben. Alle Parzellen k\u00f6nnen im Rahmen der gesetzlichen Regelungen neu gestaltet werden. Weitere Informationen unter: zur Homepage<\/p>\n","protected":false},"featured_media":0,"template":"","meta":[],"product_brand":[],"product_cat":[31],"product_tag":[],"class_list":{"0":"post-715","1":"product","2":"type-product","3":"status-publish","5":"product_cat-09577-niederwiesa-lichtenwalde","7":"first","8":"instock","9":"shipping-taxable","10":"product-type-simple"},"_links":{"self":[{"href":"https:\/\/gartenverband-freiberg.de\/index.php\/wp-json\/wp\/v2\/product\/715","targetHints":{"allow":["GET"]}}],"collection":[{"href":"https:\/\/gartenverband-freiberg.de\/index.php\/wp-json\/wp\/v2\/product"}],"about":[{"href":"https:\/\/gartenverband-freiberg.de\/index.php\/wp-json\/wp\/v2\/types\/product"}],"wp:attachment":[{"href":"https:\/\/gartenverband-freiberg.de\/index.php\/wp-json\/wp\/v2\/media?parent=715"}],"wp:term":[{"taxonomy":"product_brand","embeddable":true,"href":"https:\/\/gartenverband-freiberg.de\/index.php\/wp-json\/wp\/v2\/product_brand?post=715"},{"taxonomy":"product_cat","embeddable":true,"href":"https:\/\/gartenverband-freiberg.de\/index.php\/wp-json\/wp\/v2\/product_cat?post=715"},{"taxonomy":"product_tag","embeddable":true,"href":"https:\/\/gartenverband-freiberg.de\/index.php\/wp-json\/wp\/v2\/product_tag?post=715"}],"curies":[{"name":"wp","href":"https:\/\/api.w.org\/{rel}","templated":true}]}}