{"id":9100,"date":"2024-10-17T12:51:17","date_gmt":"2024-10-17T12:51:17","guid":{"rendered":"https:\/\/gartenverband-freiberg.de\/?post_type=product&#038;p=9100"},"modified":"2025-04-22T07:37:36","modified_gmt":"2025-04-22T07:37:36","slug":"kgv-hornmuehlengrund-e-v-freiberg-parzelle-9","status":"publish","type":"product","link":"https:\/\/gartenverband-freiberg.de\/index.php\/produkt\/kgv-hornmuehlengrund-e-v-freiberg-parzelle-9\/","title":{"rendered":"KGV &#8222;Hornm\u00fchlengrund&#8220; e.V. Freiberg, Parzelle 11"},"content":{"rendered":"<p>Die Kleingartenanlage des KGV \u201eHornm\u00fchlengrund\u201c e.V. Freiberg befindet sich idyllisch gelegen am Hornm\u00fchlenweg. Die Parzelle 11 hat eine Gr\u00f6\u00dfe von 169 m\u00b2 und verf\u00fcgt \u00fcber eine kleine Laube. Es handelt sich um einen ruhigen, sonnigen Garten mit einem kleinen Teich und einem einfachen Gew\u00e4chshaus.<\/p>\n<p>Je ein Wasser- und Stromanschluss sind vorhanden.<\/p>\n<p>Der Kleingarten kann im Rahmen der gesetzlichen Regelungen individuell gestaltet werden.<\/p>\n<p>Ein Wertgutachten liegt vor.<\/p>\n<p>Preis nach VB<\/p>\n<p>Weitere Informationen unter:\u00a0 KGV_Hornmuehle@gmx.de<\/p>\n<table style=\"height: 17px\" width=\"5\">\n<tbody>\n<tr>\n<td width=\"222\"><\/td>\n<\/tr>\n<\/tbody>\n<\/table>\n","protected":false},"excerpt":{"rendered":"<p>Die Kleingartenanlage des KGV \u201eHornm\u00fchlengrund\u201c e.V. Freiberg befindet sich idyllisch gelegen am Hornm\u00fchlenweg. Die Parzelle 11 hat eine Gr\u00f6\u00dfe von 169 m\u00b2 und verf\u00fcgt \u00fcber eine kleine Laube. Es handelt sich um einen ruhigen, sonnigen Garten mit einem kleinen Teich und einem einfachen Gew\u00e4chshaus. Je ein Wasser- und Stromanschluss sind vorhanden. Der Kleingarten kann im [&hellip;]<\/p>\n","protected":false},"featured_media":0,"template":"","meta":[],"product_brand":[],"product_cat":[20],"product_tag":[],"class_list":{"0":"post-9100","1":"product","2":"type-product","3":"status-publish","5":"product_cat-09599-freiberg-halsbach-zug-kleinwaltersdorf","7":"first","8":"instock","9":"shipping-taxable","10":"product-type-simple"},"_links":{"self":[{"href":"https:\/\/gartenverband-freiberg.de\/index.php\/wp-json\/wp\/v2\/product\/9100","targetHints":{"allow":["GET"]}}],"collection":[{"href":"https:\/\/gartenverband-freiberg.de\/index.php\/wp-json\/wp\/v2\/product"}],"about":[{"href":"https:\/\/gartenverband-freiberg.de\/index.php\/wp-json\/wp\/v2\/types\/product"}],"wp:attachment":[{"href":"https:\/\/gartenverband-freiberg.de\/index.php\/wp-json\/wp\/v2\/media?parent=9100"}],"wp:term":[{"taxonomy":"product_brand","embeddable":true,"href":"https:\/\/gartenverband-freiberg.de\/index.php\/wp-json\/wp\/v2\/product_brand?post=9100"},{"taxonomy":"product_cat","embeddable":true,"href":"https:\/\/gartenverband-freiberg.de\/index.php\/wp-json\/wp\/v2\/product_cat?post=9100"},{"taxonomy":"product_tag","embeddable":true,"href":"https:\/\/gartenverband-freiberg.de\/index.php\/wp-json\/wp\/v2\/product_tag?post=9100"}],"curies":[{"name":"wp","href":"https:\/\/api.w.org\/{rel}","templated":true}]}}