{"id":9419,"date":"2025-08-05T11:41:17","date_gmt":"2025-08-05T11:41:17","guid":{"rendered":"https:\/\/gartenverband-freiberg.de\/?post_type=product&#038;p=9419"},"modified":"2025-08-05T11:45:55","modified_gmt":"2025-08-05T11:45:55","slug":"kgv-claussallee-1899-e-v-freiberg-parzelle-44","status":"publish","type":"product","link":"https:\/\/gartenverband-freiberg.de\/index.php\/produkt\/kgv-claussallee-1899-e-v-freiberg-parzelle-44\/","title":{"rendered":"KGV Clau\u00dfallee 1899 e.V. Freiberg, Parzelle 44"},"content":{"rendered":"<p>Die Kleingartenanlage &#8222;Clau\u00dfallee 1899&#8220; befindet sich, zentrumnah, an der Lessingstra\u00dfe \/ Clau\u00dfallee . Neu zu verpachten ist die Parzelle 44.<\/p>\n<p>Der Kleingarten hat eine Gr\u00f6\u00dfe von 179 m\u00b2 und verf\u00fcgt \u00fcber eine Holzlaube. Je ein Wasser- und Stromanschluss sind vorhanden.<\/p>\n<p>Der Garten\u00a0 kann individuell im Rahmen der gesetzlichen Regelungen neu gestaltet werden.<\/p>\n<p>Ein Wertgutachten liegt vor.<\/p>\n<p>Preis nach VB.<\/p>\n<p>Weitere Informationen unter:<\/p>\n<p>Gartenverein1899@web.de<\/p>\n<p>oder Tel.: 0152 36922745<\/p>\n","protected":false},"excerpt":{"rendered":"<p>Die Kleingartenanlage &#8222;Clau\u00dfallee 1899&#8220; befindet sich, zentrumnah, an der Lessingstra\u00dfe \/ Clau\u00dfallee . Neu zu verpachten ist die Parzelle 44. Der Kleingarten hat eine Gr\u00f6\u00dfe von 179 m\u00b2 und verf\u00fcgt \u00fcber eine Holzlaube. Je ein Wasser- und Stromanschluss sind vorhanden. Der Garten\u00a0 kann individuell im Rahmen der gesetzlichen Regelungen neu gestaltet werden. Ein Wertgutachten liegt [&hellip;]<\/p>\n","protected":false},"featured_media":9420,"template":"","meta":[],"product_brand":[],"product_cat":[20],"product_tag":[],"class_list":{"0":"post-9419","1":"product","2":"type-product","3":"status-publish","4":"has-post-thumbnail","6":"product_cat-09599-freiberg-halsbach-zug-kleinwaltersdorf","8":"first","9":"instock","10":"shipping-taxable","11":"product-type-simple"},"_links":{"self":[{"href":"https:\/\/gartenverband-freiberg.de\/index.php\/wp-json\/wp\/v2\/product\/9419","targetHints":{"allow":["GET"]}}],"collection":[{"href":"https:\/\/gartenverband-freiberg.de\/index.php\/wp-json\/wp\/v2\/product"}],"about":[{"href":"https:\/\/gartenverband-freiberg.de\/index.php\/wp-json\/wp\/v2\/types\/product"}],"wp:featuredmedia":[{"embeddable":true,"href":"https:\/\/gartenverband-freiberg.de\/index.php\/wp-json\/wp\/v2\/media\/9420"}],"wp:attachment":[{"href":"https:\/\/gartenverband-freiberg.de\/index.php\/wp-json\/wp\/v2\/media?parent=9419"}],"wp:term":[{"taxonomy":"product_brand","embeddable":true,"href":"https:\/\/gartenverband-freiberg.de\/index.php\/wp-json\/wp\/v2\/product_brand?post=9419"},{"taxonomy":"product_cat","embeddable":true,"href":"https:\/\/gartenverband-freiberg.de\/index.php\/wp-json\/wp\/v2\/product_cat?post=9419"},{"taxonomy":"product_tag","embeddable":true,"href":"https:\/\/gartenverband-freiberg.de\/index.php\/wp-json\/wp\/v2\/product_tag?post=9419"}],"curies":[{"name":"wp","href":"https:\/\/api.w.org\/{rel}","templated":true}]}}