{"id":9595,"date":"2025-10-23T13:48:03","date_gmt":"2025-10-23T13:48:03","guid":{"rendered":"https:\/\/gartenverband-freiberg.de\/?post_type=product&#038;p=9595"},"modified":"2025-11-04T10:29:28","modified_gmt":"2025-11-04T10:29:28","slug":"kgv-hornmuehle-e-v-freiberg-parzelle-25","status":"publish","type":"product","link":"https:\/\/gartenverband-freiberg.de\/index.php\/produkt\/kgv-hornmuehle-e-v-freiberg-parzelle-25\/","title":{"rendered":"KGV &#8222;Hornm\u00fchle&#8220; e.V. Freiberg, verschiedene Parzellen"},"content":{"rendered":"<p>Die Kleingartenanlage &#8222;Hornm\u00fchle&#8220; befindet sich zentrumnah an der M\u00f6llerstra\u00dfe in Freiberg.<\/p>\n<p>Altersbedingt werden ab sofort die Parzelle 25 und 6 neu verpachtet. Beide Kleing\u00e4rten befinden sich in einem gepflegten Zustand.<\/p>\n<p>Die Parzellen haben je eine Gr\u00f6\u00dfe von 220 m\u00b2 und verf\u00fcgen \u00fcber eine Holzlaube.<\/p>\n<p>Je ein Wasser- und Stromanschluss sind vorhanden.<\/p>\n<p>Ein Wertgutachten f\u00fcr Parzelle 25 liegt vor.<\/p>\n<p>Preis nach VB.<\/p>\n<p>Weitere Informationen unter: kgv-hornmuehle@freenet.de<\/p>\n<table width=\"222\">\n<tbody>\n<tr>\n<td width=\"222\"><\/td>\n<\/tr>\n<\/tbody>\n<\/table>\n","protected":false},"excerpt":{"rendered":"<p>Die Kleingartenanlage &#8222;Hornm\u00fchle&#8220; befindet sich zentrumnah an der M\u00f6llerstra\u00dfe in Freiberg. Altersbedingt werden ab sofort die Parzelle 25 und 6 neu verpachtet. Beide Kleing\u00e4rten befinden sich in einem gepflegten Zustand. Die Parzellen haben je eine Gr\u00f6\u00dfe von 220 m\u00b2 und verf\u00fcgen \u00fcber eine Holzlaube. Je ein Wasser- und Stromanschluss sind vorhanden. Ein Wertgutachten f\u00fcr Parzelle [&hellip;]<\/p>\n","protected":false},"featured_media":9482,"template":"","meta":[],"product_brand":[],"product_cat":[20],"product_tag":[],"class_list":{"0":"post-9595","1":"product","2":"type-product","3":"status-publish","4":"has-post-thumbnail","6":"product_cat-09599-freiberg-halsbach-zug-kleinwaltersdorf","8":"first","9":"instock","10":"shipping-taxable","11":"product-type-simple"},"_links":{"self":[{"href":"https:\/\/gartenverband-freiberg.de\/index.php\/wp-json\/wp\/v2\/product\/9595","targetHints":{"allow":["GET"]}}],"collection":[{"href":"https:\/\/gartenverband-freiberg.de\/index.php\/wp-json\/wp\/v2\/product"}],"about":[{"href":"https:\/\/gartenverband-freiberg.de\/index.php\/wp-json\/wp\/v2\/types\/product"}],"wp:featuredmedia":[{"embeddable":true,"href":"https:\/\/gartenverband-freiberg.de\/index.php\/wp-json\/wp\/v2\/media\/9482"}],"wp:attachment":[{"href":"https:\/\/gartenverband-freiberg.de\/index.php\/wp-json\/wp\/v2\/media?parent=9595"}],"wp:term":[{"taxonomy":"product_brand","embeddable":true,"href":"https:\/\/gartenverband-freiberg.de\/index.php\/wp-json\/wp\/v2\/product_brand?post=9595"},{"taxonomy":"product_cat","embeddable":true,"href":"https:\/\/gartenverband-freiberg.de\/index.php\/wp-json\/wp\/v2\/product_cat?post=9595"},{"taxonomy":"product_tag","embeddable":true,"href":"https:\/\/gartenverband-freiberg.de\/index.php\/wp-json\/wp\/v2\/product_tag?post=9595"}],"curies":[{"name":"wp","href":"https:\/\/api.w.org\/{rel}","templated":true}]}}