{"id":9596,"date":"2025-10-23T14:06:38","date_gmt":"2025-10-23T14:06:38","guid":{"rendered":"https:\/\/gartenverband-freiberg.de\/?post_type=product&#038;p=9596"},"modified":"2025-11-27T06:21:29","modified_gmt":"2025-11-27T06:21:29","slug":"kgv-am-suedhang-muenzbachtal-e-v-freiberg-parzelle-26","status":"publish","type":"product","link":"https:\/\/gartenverband-freiberg.de\/index.php\/produkt\/kgv-am-suedhang-muenzbachtal-e-v-freiberg-parzelle-26\/","title":{"rendered":"KGV &#8222;Am S\u00fcdhang-M\u00fcnzbachtal&#8220; e.V. Freiberg, verschiedene Parzellen"},"content":{"rendered":"<p>Die Kleingartenanlage befindet sich in sehr ruhiger Lage im M\u00fcnzbachtal.<\/p>\n<p>Ab sofort werden f\u00fcr folgende Parzellen Nachp\u00e4chter gesucht:<\/p>\n<p>Parzelle 26, Gr\u00f6\u00dfe 210 m\u00b2, keine Laube, Wasseranschluss ist vorhanden<\/p>\n<p>Parzelle 16, Gr\u00f6\u00dfe 328 m\u00b2, keine Laube, je ein Strom- und Wasseranschluss sind vorhanden<\/p>\n<p>Parzelle 06, Gr\u00f6\u00dfe 358 m\u00b2, je ein Strom- und Wasseranschluss und eine kleine Laube sind vorhanden<\/p>\n<p>Senioren oder Studenten sind gern gesehen.<\/p>\n<p>Die Kleing\u00e4rten k\u00f6nnen im Rahmen der gesetzlichen Regelungen individuell neu gestaltet werden.<\/p>\n<p>Weitere Informationen unter Tel.: 01575 4675938<\/p>\n","protected":false},"excerpt":{"rendered":"<p>Die Kleingartenanlage befindet sich in sehr ruhiger Lage im M\u00fcnzbachtal. Ab sofort werden f\u00fcr folgende Parzellen Nachp\u00e4chter gesucht: Parzelle 26, Gr\u00f6\u00dfe 210 m\u00b2, keine Laube, Wasseranschluss ist vorhanden Parzelle 16, Gr\u00f6\u00dfe 328 m\u00b2, keine Laube, je ein Strom- und Wasseranschluss sind vorhanden Parzelle 06, Gr\u00f6\u00dfe 358 m\u00b2, je ein Strom- und Wasseranschluss und eine kleine [&hellip;]<\/p>\n","protected":false},"featured_media":0,"template":"","meta":[],"product_brand":[],"product_cat":[20],"product_tag":[],"class_list":{"0":"post-9596","1":"product","2":"type-product","3":"status-publish","5":"product_cat-09599-freiberg-halsbach-zug-kleinwaltersdorf","7":"first","8":"instock","9":"shipping-taxable","10":"product-type-simple"},"_links":{"self":[{"href":"https:\/\/gartenverband-freiberg.de\/index.php\/wp-json\/wp\/v2\/product\/9596","targetHints":{"allow":["GET"]}}],"collection":[{"href":"https:\/\/gartenverband-freiberg.de\/index.php\/wp-json\/wp\/v2\/product"}],"about":[{"href":"https:\/\/gartenverband-freiberg.de\/index.php\/wp-json\/wp\/v2\/types\/product"}],"wp:attachment":[{"href":"https:\/\/gartenverband-freiberg.de\/index.php\/wp-json\/wp\/v2\/media?parent=9596"}],"wp:term":[{"taxonomy":"product_brand","embeddable":true,"href":"https:\/\/gartenverband-freiberg.de\/index.php\/wp-json\/wp\/v2\/product_brand?post=9596"},{"taxonomy":"product_cat","embeddable":true,"href":"https:\/\/gartenverband-freiberg.de\/index.php\/wp-json\/wp\/v2\/product_cat?post=9596"},{"taxonomy":"product_tag","embeddable":true,"href":"https:\/\/gartenverband-freiberg.de\/index.php\/wp-json\/wp\/v2\/product_tag?post=9596"}],"curies":[{"name":"wp","href":"https:\/\/api.w.org\/{rel}","templated":true}]}}