{"id":9654,"date":"2025-12-22T06:56:22","date_gmt":"2025-12-22T06:56:22","guid":{"rendered":"https:\/\/gartenverband-freiberg.de\/?post_type=product&#038;p=9654"},"modified":"2026-01-27T06:43:01","modified_gmt":"2026-01-27T06:43:01","slug":"kgv-birkeneck-e-v-freiberg-parzellen-101112","status":"publish","type":"product","link":"https:\/\/gartenverband-freiberg.de\/index.php\/produkt\/kgv-birkeneck-e-v-freiberg-parzellen-101112\/","title":{"rendered":"KGV &#8222;Birkeneck&#8220; e.V. Freiberg, Parzellen 10,11,12"},"content":{"rendered":"<p>Die Kleingartenanlage &#8222;Birkeneck&#8220; befindet\u00a0 sich, sehr ruhig gelegen, an der Friedrich-Engels-Stra\u00dfe. Zur Gartenanlage geh\u00f6ren 19 Kleing\u00e4rten.<\/p>\n<p>Ab sofort werden die Parzellen 10,11 und 12 neu mit einer Gesamtfl\u00e4che von 420 m\u00b2 neu verpachtet.<\/p>\n<p>Die Parzellen befinden sich in einem ber\u00e4umten Zustand und k\u00f6nnen individuell im Rahmen der gesetzlichen Regelungen neu gestaltet werden.<\/p>\n<p>Die G\u00e4rten ver\u00fcgen \u00fcber Strom &#8211; und Wasseranschl\u00fcsse und Ger\u00e4teschuppen.<\/p>\n<p>Preis nach VB.<\/p>\n<p>Weitere Informationen unter:<\/p>\n<p>birkeneckfreiberg@gmail.com<\/p>\n","protected":false},"excerpt":{"rendered":"<p>Die Kleingartenanlage &#8222;Birkeneck&#8220; befindet\u00a0 sich, sehr ruhig gelegen, an der Friedrich-Engels-Stra\u00dfe. Zur Gartenanlage geh\u00f6ren 19 Kleing\u00e4rten. Ab sofort werden die Parzellen 10,11 und 12 neu mit einer Gesamtfl\u00e4che von 420 m\u00b2 neu verpachtet. Die Parzellen befinden sich in einem ber\u00e4umten Zustand und k\u00f6nnen individuell im Rahmen der gesetzlichen Regelungen neu gestaltet werden. Die G\u00e4rten ver\u00fcgen [&hellip;]<\/p>\n","protected":false},"featured_media":9681,"template":"","meta":[],"product_brand":[],"product_cat":[20],"product_tag":[],"class_list":{"0":"post-9654","1":"product","2":"type-product","3":"status-publish","4":"has-post-thumbnail","6":"product_cat-09599-freiberg-halsbach-zug-kleinwaltersdorf","8":"first","9":"instock","10":"shipping-taxable","11":"product-type-simple"},"_links":{"self":[{"href":"https:\/\/gartenverband-freiberg.de\/index.php\/wp-json\/wp\/v2\/product\/9654","targetHints":{"allow":["GET"]}}],"collection":[{"href":"https:\/\/gartenverband-freiberg.de\/index.php\/wp-json\/wp\/v2\/product"}],"about":[{"href":"https:\/\/gartenverband-freiberg.de\/index.php\/wp-json\/wp\/v2\/types\/product"}],"wp:featuredmedia":[{"embeddable":true,"href":"https:\/\/gartenverband-freiberg.de\/index.php\/wp-json\/wp\/v2\/media\/9681"}],"wp:attachment":[{"href":"https:\/\/gartenverband-freiberg.de\/index.php\/wp-json\/wp\/v2\/media?parent=9654"}],"wp:term":[{"taxonomy":"product_brand","embeddable":true,"href":"https:\/\/gartenverband-freiberg.de\/index.php\/wp-json\/wp\/v2\/product_brand?post=9654"},{"taxonomy":"product_cat","embeddable":true,"href":"https:\/\/gartenverband-freiberg.de\/index.php\/wp-json\/wp\/v2\/product_cat?post=9654"},{"taxonomy":"product_tag","embeddable":true,"href":"https:\/\/gartenverband-freiberg.de\/index.php\/wp-json\/wp\/v2\/product_tag?post=9654"}],"curies":[{"name":"wp","href":"https:\/\/api.w.org\/{rel}","templated":true}]}}