{"id":9965,"date":"2026-05-07T13:34:54","date_gmt":"2026-05-07T13:34:54","guid":{"rendered":"https:\/\/gartenverband-freiberg.de\/?post_type=product&#038;p=9965"},"modified":"2026-05-07T13:38:42","modified_gmt":"2026-05-07T13:38:42","slug":"kgv-gruene-oase-e-v-siebenlehn-parzelle-15","status":"publish","type":"product","link":"https:\/\/gartenverband-freiberg.de\/index.php\/produkt\/kgv-gruene-oase-e-v-siebenlehn-parzelle-15\/","title":{"rendered":"KGV &#8222;Gr\u00fcne Oase&#8220; e.V. Siebenlehn, Parzelle 15"},"content":{"rendered":"<p class=\"x_western\"><span data-olk-copy-source=\"MessageBody\">Unser Kleingartenverein &#8222;Gr\u00fcne Oase&#8220; in Siebenlehn liegt idyllisch und ruhig direkt am Zellwald \u2013 eine besonders reizvolle Lage zum Wohlf\u00fchlen und Entspannen.\u00a0<\/span><\/p>\n<p class=\"x_western\"><span data-olk-copy-source=\"MessageBody\"><br \/>\nAb sofort ist eine attraktive Parzelle mit einer Fl\u00e4che von 280 m\u00b2 verf\u00fcgbar, die individuell nach den geltenden gesetzlichen Regelungen neu gestaltet werden kann.\u00a0<\/span><\/p>\n<p class=\"x_western\"><span data-olk-copy-source=\"MessageBody\"><br \/>\nDie Parzelle verf\u00fcgt \u00fcber eine massive Laube mit einer Gr\u00f6\u00dfe von 30 m\u00b2, die \u00fcber Strom- und Wasseranschluss sowie einen WC-Anschluss verf\u00fcgt.\u00a0<\/span><\/p>\n<p class=\"x_western\"><span data-olk-copy-source=\"MessageBody\">Diese gehobene Ausstattung wurde rechtm\u00e4\u00dfig vor 1989 errichtet und genie\u00dft gem\u00e4\u00df \u00a7 20a des Bundeskleingartengesetzes (BKleingG) Bestandsschutz \u2013 ein wertvoller Vorteil f\u00fcr zuk\u00fcnftige Nutzer.\u00a0<\/span><\/p>\n<p class=\"x_western\"><span data-olk-copy-source=\"MessageBody\"><br \/>\nDas Grundst\u00fcck der Gartenanlage befindet sich im Eigentum des Vereins, wodurch langfristige Sicherheit gegeben ist. <\/span><\/p>\n<p class=\"x_western\"><span data-olk-copy-source=\"MessageBody\">Ein PKW-Stellplatz ist in unmittelbarer N\u00e4he zur Parzelle vorhanden.<br \/>\nInteressenten k\u00f6nnen die Parzelle ab sofort nutzen und sich auf eine naturnahe Umgebung freuen.<\/span><\/p>\n<p class=\"x_western\"><a name=\"x_tab-description\"><\/a>Kontakt:<br \/>\nHandy: 0172 \/ 97 0 57 32<\/p>\n","protected":false},"excerpt":{"rendered":"<p>Unser Kleingartenverein &#8222;Gr\u00fcne Oase&#8220; in Siebenlehn liegt idyllisch und ruhig direkt am Zellwald \u2013 eine besonders reizvolle Lage zum Wohlf\u00fchlen und Entspannen.\u00a0 Ab sofort ist eine attraktive Parzelle mit einer Fl\u00e4che von 280 m\u00b2 verf\u00fcgbar, die individuell nach den geltenden gesetzlichen Regelungen neu gestaltet werden kann.\u00a0 Die Parzelle verf\u00fcgt \u00fcber eine massive Laube mit einer [&hellip;]<\/p>\n","protected":false},"featured_media":9966,"template":"","meta":[],"product_brand":[],"product_cat":[33],"product_tag":[],"class_list":{"0":"post-9965","1":"product","2":"type-product","3":"status-publish","4":"has-post-thumbnail","6":"product_cat-09603-grossschirma-siebenlehn-seifersdorf-obergruna-kleinvoigtsberg-rothenfurth","8":"first","9":"instock","10":"shipping-taxable","11":"product-type-simple"},"_links":{"self":[{"href":"https:\/\/gartenverband-freiberg.de\/index.php\/wp-json\/wp\/v2\/product\/9965","targetHints":{"allow":["GET"]}}],"collection":[{"href":"https:\/\/gartenverband-freiberg.de\/index.php\/wp-json\/wp\/v2\/product"}],"about":[{"href":"https:\/\/gartenverband-freiberg.de\/index.php\/wp-json\/wp\/v2\/types\/product"}],"wp:featuredmedia":[{"embeddable":true,"href":"https:\/\/gartenverband-freiberg.de\/index.php\/wp-json\/wp\/v2\/media\/9966"}],"wp:attachment":[{"href":"https:\/\/gartenverband-freiberg.de\/index.php\/wp-json\/wp\/v2\/media?parent=9965"}],"wp:term":[{"taxonomy":"product_brand","embeddable":true,"href":"https:\/\/gartenverband-freiberg.de\/index.php\/wp-json\/wp\/v2\/product_brand?post=9965"},{"taxonomy":"product_cat","embeddable":true,"href":"https:\/\/gartenverband-freiberg.de\/index.php\/wp-json\/wp\/v2\/product_cat?post=9965"},{"taxonomy":"product_tag","embeddable":true,"href":"https:\/\/gartenverband-freiberg.de\/index.php\/wp-json\/wp\/v2\/product_tag?post=9965"}],"curies":[{"name":"wp","href":"https:\/\/api.w.org\/{rel}","templated":true}]}}